{"id":4380,"date":"2024-07-10T14:54:00","date_gmt":"2024-07-10T12:54:00","guid":{"rendered":"https:\/\/pomico.cy\/?post_type=product&#038;p=4380"},"modified":"2026-03-11T13:14:24","modified_gmt":"2026-03-11T11:14:24","slug":"creme-beaute-neuve","status":"publish","type":"product","link":"https:\/\/pomico.cy\/el\/shop\/creme-beaute-neuve\/","title":{"rendered":"Cr\u00e8me Beaut\u00e9 Neuve"},"content":{"rendered":"<p>Day after day, <strong>BEAUT\u00c9 NEUVE<\/strong> Cream helps restore skin radiance, refined skin texture and a more even complexion.<\/p>\n<p>On a daily basis, the skin is suffocated by the accumulation of dead cells, cell renewal is slowed down.<\/p>\n<p>With its peeling action, the BEAUT\u00c9 NEUVE Cream frees the skin from dead cells and its Peelactive active ingredient helps promote cell renewal for a skin-renewing action. Thanks to the Vegetable Wax Complex, the skin is better protected and nourished.<\/p>\n<p><strong>CONTRIBUTE TO :<\/strong><\/p>\n<p>&#8211; Revive the radiance of the complexion<\/p>\n<p>&#8211; Refine skin texture, reduce imperfections<\/p>\n<p>&#8211; Nourish and protect the skin<\/p>\n<div>\n<div class=\"product-header\">\n<div class=\"wrapper-s\">\n<div class=\"product-header__infos\">\n<div class=\"product-header__description\">\n<div class=\"product-header__attributes\">\n<p>&nbsp;<\/p>\n<\/div>\n<\/div>\n<\/div>\n<div class=\"product-header__slider\">\n<div class=\"\"><b><span dir=\"auto\">Targeted area: <\/span><\/b>\u03a0\u03c1\u03cc\u03c3\u03c9\u03c0\u03bf<\/div>\n<\/div>\n<\/div>\n<div class=\"wrapper\">\n<div class=\"product-header__more bg-brand\">\n<p><b><span dir=\"auto\">Skin type: <\/span><\/b><span dir=\"auto\">All skin types, Normal skin, Dull skin<\/span><\/p>\n<p><b><span dir=\"auto\">Texture: <\/span><\/b><span dir=\"auto\">Cream<\/span><\/p>\n<\/div>\n<\/div>\n<\/div>\n<\/div>\n<div class=\"advice-notice blocks bg\">\n<div class=\"wrapper-s\">\n<p>&nbsp;<\/p>\n<div class=\"advice-notice__text\">\n<p class=\"text-brand\"><strong><span dir=\"auto\">Usage tips:\u00a0 <\/span><\/strong><span dir=\"auto\">Apply morning and evening to the entire face, perfectly clean. Avoid the eye area.<\/span><\/p>\n<\/div>\n<\/div>\n<\/div>\n<div class=\"ingredients-block wrapper-xs blocks\">\n<p class=\"center text-brand\"><strong><span dir=\"auto\">Key Ingredients<\/span><\/strong><\/p>\n<div class=\"ingredients-block__content\">\n<div class=\"ingredients-block__content__left\">\n<div><strong><span class=\"text-brand txt-medium\"><span dir=\"auto\">GLUCONOLACTONE + PHYTIC ACID: <\/span><\/span><\/strong><span dir=\"auto\">Through their keratolytic action, they reduce the cohesion between the cells of the stratum corneum.<\/span><\/div>\n<div><strong><span class=\"text-brand txt-medium\"><span dir=\"auto\">LIPOSKIN + PLANT WAX COMPLEXES (Jojoba, Mimosa and Sunflower): <\/span><\/span><\/strong>Rich in saturated fatty acids, they help rebuild the skin barrier and intensely nourish the epidermis.<\/div>\n<\/div>\n<div class=\"ingredients-block__content__right\">\n<div><strong><span class=\"text-brand txt-medium\"><span dir=\"auto\">PEELACTIVE (Prickly Pear Extract): <\/span><\/span><\/strong><span dir=\"auto\">Rich in oligosaccharides, Peelactive &#8220;boosts&#8221; the skin&#8217;s natural exfoliation capacity and promotes cell renewal.<\/span><\/div>\n<\/div>\n<\/div>\n<\/div>\n<div class=\"advice bg-marble\">\n<div>\n<div class=\"wrapper-s advice__content box-shadow\">\n<h3 class=\"text-brand\"><\/h3>\n<\/div>\n<\/div>\n<\/div>","protected":false},"excerpt":{"rendered":"<p>50ml<\/p>","protected":false},"featured_media":4381,"template":"","meta":{"_acf_changed":false},"product_brand":[726],"product_cat":[53],"product_tag":[],"class_list":{"0":"post-4380","1":"product","2":"type-product","3":"status-publish","4":"has-post-thumbnail","6":"product_brand-guinot","7":"product_cat-face","9":"first","10":"instock","11":"taxable","12":"shipping-taxable","13":"purchasable","14":"product-type-simple"},"acf":[],"yoast_head":"<!-- This site is optimized with the Yoast SEO Premium plugin v23.4 (Yoast SEO v27.5) - https:\/\/yoast.com\/product\/yoast-seo-premium-wordpress\/ -->\n<title>Cr\u00e8me Beaut\u00e9 Neuve - Pomico<\/title>\n<meta name=\"robots\" content=\"index, follow, max-snippet:-1, max-image-preview:large, max-video-preview:-1\" \/>\n<link rel=\"canonical\" href=\"https:\/\/pomico.cy\/el\/shop\/creme-beaute-neuve\/\" \/>\n<meta property=\"og:locale\" content=\"el_GR\" \/>\n<meta property=\"og:type\" content=\"article\" \/>\n<meta property=\"og:title\" content=\"Cr\u00e8me Beaut\u00e9 Neuve\" \/>\n<meta property=\"og:description\" content=\"50ml\" \/>\n<meta property=\"og:url\" content=\"https:\/\/pomico.cy\/el\/shop\/creme-beaute-neuve\/\" \/>\n<meta property=\"og:site_name\" content=\"Pomico\" \/>\n<meta property=\"article:modified_time\" content=\"2026-03-11T11:14:24+00:00\" \/>\n<meta property=\"og:image\" content=\"https:\/\/pomico.cy\/wp-content\/uploads\/Creme-Beaute-Neuve.jpg\" \/>\n\t<meta property=\"og:image:width\" content=\"1000\" \/>\n\t<meta property=\"og:image:height\" content=\"762\" \/>\n\t<meta property=\"og:image:type\" content=\"image\/jpeg\" \/>\n<meta name=\"twitter:card\" content=\"summary_large_image\" \/>\n<meta name=\"twitter:label1\" content=\"\u0395\u03ba\u03c4\u03b9\u03bc\u03ce\u03bc\u03b5\u03bd\u03bf\u03c2 \u03c7\u03c1\u03cc\u03bd\u03bf\u03c2 \u03b1\u03bd\u03ac\u03b3\u03bd\u03c9\u03c3\u03b7\u03c2\" \/>\n\t<meta name=\"twitter:data1\" content=\"2 \u03bb\u03b5\u03c0\u03c4\u03ac\" \/>\n<script type=\"application\/ld+json\" class=\"yoast-schema-graph\">{\"@context\":\"https:\\\/\\\/schema.org\",\"@graph\":[{\"@type\":\"WebPage\",\"@id\":\"https:\\\/\\\/pomico.cy\\\/shop\\\/creme-beaute-neuve\\\/\",\"url\":\"https:\\\/\\\/pomico.cy\\\/shop\\\/creme-beaute-neuve\\\/\",\"name\":\"Cr\u00e8me Beaut\u00e9 Neuve - Pomico\",\"isPartOf\":{\"@id\":\"https:\\\/\\\/pomico.cy\\\/#website\"},\"primaryImageOfPage\":{\"@id\":\"https:\\\/\\\/pomico.cy\\\/shop\\\/creme-beaute-neuve\\\/#primaryimage\"},\"image\":{\"@id\":\"https:\\\/\\\/pomico.cy\\\/shop\\\/creme-beaute-neuve\\\/#primaryimage\"},\"thumbnailUrl\":\"https:\\\/\\\/pomico.cy\\\/wp-content\\\/uploads\\\/Creme-Beaute-Neuve.jpg\",\"datePublished\":\"2024-07-10T12:54:00+00:00\",\"dateModified\":\"2026-03-11T11:14:24+00:00\",\"breadcrumb\":{\"@id\":\"https:\\\/\\\/pomico.cy\\\/shop\\\/creme-beaute-neuve\\\/#breadcrumb\"},\"inLanguage\":\"el\",\"potentialAction\":[{\"@type\":\"ReadAction\",\"target\":[\"https:\\\/\\\/pomico.cy\\\/shop\\\/creme-beaute-neuve\\\/\"]}]},{\"@type\":\"ImageObject\",\"inLanguage\":\"el\",\"@id\":\"https:\\\/\\\/pomico.cy\\\/shop\\\/creme-beaute-neuve\\\/#primaryimage\",\"url\":\"https:\\\/\\\/pomico.cy\\\/wp-content\\\/uploads\\\/Creme-Beaute-Neuve.jpg\",\"contentUrl\":\"https:\\\/\\\/pomico.cy\\\/wp-content\\\/uploads\\\/Creme-Beaute-Neuve.jpg\",\"width\":1000,\"height\":762},{\"@type\":\"BreadcrumbList\",\"@id\":\"https:\\\/\\\/pomico.cy\\\/shop\\\/creme-beaute-neuve\\\/#breadcrumb\",\"itemListElement\":[{\"@type\":\"ListItem\",\"position\":1,\"name\":\"Home\",\"item\":\"https:\\\/\\\/pomico.cy\\\/\"},{\"@type\":\"ListItem\",\"position\":2,\"name\":\"Shop\",\"item\":\"https:\\\/\\\/pomico.cy\\\/shop\\\/\"},{\"@type\":\"ListItem\",\"position\":3,\"name\":\"Cr\u00e8me Beaut\u00e9 Neuve\"}]},{\"@type\":\"WebSite\",\"@id\":\"https:\\\/\\\/pomico.cy\\\/#website\",\"url\":\"https:\\\/\\\/pomico.cy\\\/\",\"name\":\"Pomico\",\"description\":\"Pomico\",\"publisher\":{\"@id\":\"https:\\\/\\\/pomico.cy\\\/#organization\"},\"potentialAction\":[{\"@type\":\"SearchAction\",\"target\":{\"@type\":\"EntryPoint\",\"urlTemplate\":\"https:\\\/\\\/pomico.cy\\\/?s={search_term_string}\"},\"query-input\":{\"@type\":\"PropertyValueSpecification\",\"valueRequired\":true,\"valueName\":\"search_term_string\"}}],\"inLanguage\":\"el\"},{\"@type\":\"Organization\",\"@id\":\"https:\\\/\\\/pomico.cy\\\/#organization\",\"name\":\"Pomico\",\"url\":\"https:\\\/\\\/pomico.cy\\\/\",\"logo\":{\"@type\":\"ImageObject\",\"inLanguage\":\"el\",\"@id\":\"https:\\\/\\\/pomico.cy\\\/#\\\/schema\\\/logo\\\/image\\\/\",\"url\":\"https:\\\/\\\/pomico.cy\\\/wp-content\\\/uploads\\\/2021\\\/03\\\/pomico-logo.png\",\"contentUrl\":\"https:\\\/\\\/pomico.cy\\\/wp-content\\\/uploads\\\/2021\\\/03\\\/pomico-logo.png\",\"width\":311,\"height\":97,\"caption\":\"Pomico\"},\"image\":{\"@id\":\"https:\\\/\\\/pomico.cy\\\/#\\\/schema\\\/logo\\\/image\\\/\"}}]}<\/script>\n<!-- \/ Yoast SEO Premium plugin. -->","yoast_head_json":{"title":"Cr\u00e8me Beaut\u00e9 Neuve - Pomico","robots":{"index":"index","follow":"follow","max-snippet":"max-snippet:-1","max-image-preview":"max-image-preview:large","max-video-preview":"max-video-preview:-1"},"canonical":"https:\/\/pomico.cy\/el\/shop\/creme-beaute-neuve\/","og_locale":"el_GR","og_type":"article","og_title":"Cr\u00e8me Beaut\u00e9 Neuve","og_description":"50ml","og_url":"https:\/\/pomico.cy\/el\/shop\/creme-beaute-neuve\/","og_site_name":"Pomico","article_modified_time":"2026-03-11T11:14:24+00:00","og_image":[{"width":1000,"height":762,"url":"https:\/\/pomico.cy\/wp-content\/uploads\/Creme-Beaute-Neuve.jpg","type":"image\/jpeg"}],"twitter_card":"summary_large_image","twitter_misc":{"\u0395\u03ba\u03c4\u03b9\u03bc\u03ce\u03bc\u03b5\u03bd\u03bf\u03c2 \u03c7\u03c1\u03cc\u03bd\u03bf\u03c2 \u03b1\u03bd\u03ac\u03b3\u03bd\u03c9\u03c3\u03b7\u03c2":"2 \u03bb\u03b5\u03c0\u03c4\u03ac"},"schema":{"@context":"https:\/\/schema.org","@graph":[{"@type":"WebPage","@id":"https:\/\/pomico.cy\/shop\/creme-beaute-neuve\/","url":"https:\/\/pomico.cy\/shop\/creme-beaute-neuve\/","name":"Cr\u00e8me Beaut\u00e9 Neuve - Pomico","isPartOf":{"@id":"https:\/\/pomico.cy\/#website"},"primaryImageOfPage":{"@id":"https:\/\/pomico.cy\/shop\/creme-beaute-neuve\/#primaryimage"},"image":{"@id":"https:\/\/pomico.cy\/shop\/creme-beaute-neuve\/#primaryimage"},"thumbnailUrl":"https:\/\/pomico.cy\/wp-content\/uploads\/Creme-Beaute-Neuve.jpg","datePublished":"2024-07-10T12:54:00+00:00","dateModified":"2026-03-11T11:14:24+00:00","breadcrumb":{"@id":"https:\/\/pomico.cy\/shop\/creme-beaute-neuve\/#breadcrumb"},"inLanguage":"el","potentialAction":[{"@type":"ReadAction","target":["https:\/\/pomico.cy\/shop\/creme-beaute-neuve\/"]}]},{"@type":"ImageObject","inLanguage":"el","@id":"https:\/\/pomico.cy\/shop\/creme-beaute-neuve\/#primaryimage","url":"https:\/\/pomico.cy\/wp-content\/uploads\/Creme-Beaute-Neuve.jpg","contentUrl":"https:\/\/pomico.cy\/wp-content\/uploads\/Creme-Beaute-Neuve.jpg","width":1000,"height":762},{"@type":"BreadcrumbList","@id":"https:\/\/pomico.cy\/shop\/creme-beaute-neuve\/#breadcrumb","itemListElement":[{"@type":"ListItem","position":1,"name":"Home","item":"https:\/\/pomico.cy\/"},{"@type":"ListItem","position":2,"name":"Shop","item":"https:\/\/pomico.cy\/shop\/"},{"@type":"ListItem","position":3,"name":"Cr\u00e8me Beaut\u00e9 Neuve"}]},{"@type":"WebSite","@id":"https:\/\/pomico.cy\/#website","url":"https:\/\/pomico.cy\/","name":"Pomico","description":"Pomico","publisher":{"@id":"https:\/\/pomico.cy\/#organization"},"potentialAction":[{"@type":"SearchAction","target":{"@type":"EntryPoint","urlTemplate":"https:\/\/pomico.cy\/?s={search_term_string}"},"query-input":{"@type":"PropertyValueSpecification","valueRequired":true,"valueName":"search_term_string"}}],"inLanguage":"el"},{"@type":"Organization","@id":"https:\/\/pomico.cy\/#organization","name":"Pomico","url":"https:\/\/pomico.cy\/","logo":{"@type":"ImageObject","inLanguage":"el","@id":"https:\/\/pomico.cy\/#\/schema\/logo\/image\/","url":"https:\/\/pomico.cy\/wp-content\/uploads\/2021\/03\/pomico-logo.png","contentUrl":"https:\/\/pomico.cy\/wp-content\/uploads\/2021\/03\/pomico-logo.png","width":311,"height":97,"caption":"Pomico"},"image":{"@id":"https:\/\/pomico.cy\/#\/schema\/logo\/image\/"}}]}},"_links":{"self":[{"href":"https:\/\/pomico.cy\/el\/wp-json\/wp\/v2\/product\/4380","targetHints":{"allow":["GET"]}}],"collection":[{"href":"https:\/\/pomico.cy\/el\/wp-json\/wp\/v2\/product"}],"about":[{"href":"https:\/\/pomico.cy\/el\/wp-json\/wp\/v2\/types\/product"}],"wp:featuredmedia":[{"embeddable":true,"href":"https:\/\/pomico.cy\/el\/wp-json\/wp\/v2\/media\/4381"}],"wp:attachment":[{"href":"https:\/\/pomico.cy\/el\/wp-json\/wp\/v2\/media?parent=4380"}],"wp:term":[{"taxonomy":"product_brand","embeddable":true,"href":"https:\/\/pomico.cy\/el\/wp-json\/wp\/v2\/product_brand?post=4380"},{"taxonomy":"product_cat","embeddable":true,"href":"https:\/\/pomico.cy\/el\/wp-json\/wp\/v2\/product_cat?post=4380"},{"taxonomy":"product_tag","embeddable":true,"href":"https:\/\/pomico.cy\/el\/wp-json\/wp\/v2\/product_tag?post=4380"}],"curies":[{"name":"wp","href":"https:\/\/api.w.org\/{rel}","templated":true}]}}