{"id":4450,"date":"2024-07-11T11:32:38","date_gmt":"2024-07-11T09:32:38","guid":{"rendered":"https:\/\/pomico.cy\/?post_type=product&#038;p=4450"},"modified":"2025-04-23T20:27:14","modified_gmt":"2025-04-23T17:27:14","slug":"serum-longue-vie-decollete","status":"publish","type":"product","link":"https:\/\/pomico.cy\/el\/shop\/serum-longue-vie-decollete\/","title":{"rendered":"S\u00e9rum Longue Vie D\u00e9collet\u00e9"},"content":{"rendered":"<p>This serum is concentrated in youth active ingredients to smooth and firm the skin on the d\u00e9collet\u00e9. Day after day, the skin regains firmness, fine lines are reduced and the d\u00e9collet\u00e9 appears younger.<\/p>\n<p>Unlike facial care, d\u00e9collet\u00e9 care is too often neglected. However, with thinner skin than the face, the d\u00e9collet\u00e9 is a vulnerable area that becomes marked by the effects of time.<\/p>\n<p>The serum texture is all the more indicated as it penetrates quickly and deeply.<\/p>\n<p>CONTRIBUTE TO:<\/p>\n<p>&#8211; Smooth the skin and fill in dehydration fine lines. &#8211; Regain firmness by strengthening the skin&#8217;s support tissues through the synthesis of elastic fibers.<\/p>\n<p>&#8211; Regenerate the skin thanks to the 56 cellular ingredients essential for cell activity and longevity.<\/p>","protected":false},"excerpt":{"rendered":"<p>50ml<\/p>","protected":false},"featured_media":4451,"template":"","meta":{"_acf_changed":false},"product_brand":[726],"product_cat":[52],"product_tag":[],"class_list":{"0":"post-4450","1":"product","2":"type-product","3":"status-publish","4":"has-post-thumbnail","6":"product_brand-guinot","7":"product_cat-body-care","9":"first","10":"instock","11":"taxable","12":"shipping-taxable","13":"purchasable","14":"product-type-simple"},"acf":[],"yoast_head":"<!-- This site is optimized with the Yoast SEO Premium plugin v23.4 (Yoast SEO v26.4) - https:\/\/yoast.com\/wordpress\/plugins\/seo\/ -->\n<title>S\u00e9rum Longue Vie D\u00e9collet\u00e9 - Pomico<\/title>\n<meta name=\"robots\" content=\"index, follow, max-snippet:-1, max-image-preview:large, max-video-preview:-1\" \/>\n<link rel=\"canonical\" href=\"https:\/\/pomico.cy\/el\/shop\/serum-longue-vie-decollete\/\" \/>\n<meta property=\"og:locale\" content=\"el_GR\" \/>\n<meta property=\"og:type\" content=\"article\" \/>\n<meta property=\"og:title\" content=\"S\u00e9rum Longue Vie D\u00e9collet\u00e9\" \/>\n<meta property=\"og:description\" content=\"50ml\" \/>\n<meta property=\"og:url\" content=\"https:\/\/pomico.cy\/el\/shop\/serum-longue-vie-decollete\/\" \/>\n<meta property=\"og:site_name\" content=\"Pomico\" \/>\n<meta property=\"article:modified_time\" content=\"2025-04-23T17:27:14+00:00\" \/>\n<meta property=\"og:image\" content=\"https:\/\/pomico.cy\/wp-content\/uploads\/Serum-Longue-Vie-Decollete.png\" \/>\n\t<meta property=\"og:image:width\" content=\"600\" \/>\n\t<meta property=\"og:image:height\" content=\"600\" \/>\n\t<meta property=\"og:image:type\" content=\"image\/png\" \/>\n<meta name=\"twitter:card\" content=\"summary_large_image\" \/>\n<meta name=\"twitter:label1\" content=\"\u0395\u03ba\u03c4\u03b9\u03bc\u03ce\u03bc\u03b5\u03bd\u03bf\u03c2 \u03c7\u03c1\u03cc\u03bd\u03bf\u03c2 \u03b1\u03bd\u03ac\u03b3\u03bd\u03c9\u03c3\u03b7\u03c2\" \/>\n\t<meta name=\"twitter:data1\" content=\"1 \u03bb\u03b5\u03c0\u03c4\u03cc\" \/>\n<script type=\"application\/ld+json\" class=\"yoast-schema-graph\">{\"@context\":\"https:\/\/schema.org\",\"@graph\":[{\"@type\":\"WebPage\",\"@id\":\"https:\/\/pomico.cy\/shop\/serum-longue-vie-decollete\/\",\"url\":\"https:\/\/pomico.cy\/shop\/serum-longue-vie-decollete\/\",\"name\":\"S\u00e9rum Longue Vie D\u00e9collet\u00e9 - Pomico\",\"isPartOf\":{\"@id\":\"https:\/\/pomico.cy\/#website\"},\"primaryImageOfPage\":{\"@id\":\"https:\/\/pomico.cy\/shop\/serum-longue-vie-decollete\/#primaryimage\"},\"image\":{\"@id\":\"https:\/\/pomico.cy\/shop\/serum-longue-vie-decollete\/#primaryimage\"},\"thumbnailUrl\":\"https:\/\/pomico.cy\/wp-content\/uploads\/Serum-Longue-Vie-Decollete.png\",\"datePublished\":\"2024-07-11T09:32:38+00:00\",\"dateModified\":\"2025-04-23T17:27:14+00:00\",\"breadcrumb\":{\"@id\":\"https:\/\/pomico.cy\/shop\/serum-longue-vie-decollete\/#breadcrumb\"},\"inLanguage\":\"el\",\"potentialAction\":[{\"@type\":\"ReadAction\",\"target\":[\"https:\/\/pomico.cy\/shop\/serum-longue-vie-decollete\/\"]}]},{\"@type\":\"ImageObject\",\"inLanguage\":\"el\",\"@id\":\"https:\/\/pomico.cy\/shop\/serum-longue-vie-decollete\/#primaryimage\",\"url\":\"https:\/\/pomico.cy\/wp-content\/uploads\/Serum-Longue-Vie-Decollete.png\",\"contentUrl\":\"https:\/\/pomico.cy\/wp-content\/uploads\/Serum-Longue-Vie-Decollete.png\",\"width\":600,\"height\":600},{\"@type\":\"BreadcrumbList\",\"@id\":\"https:\/\/pomico.cy\/shop\/serum-longue-vie-decollete\/#breadcrumb\",\"itemListElement\":[{\"@type\":\"ListItem\",\"position\":1,\"name\":\"Home\",\"item\":\"https:\/\/pomico.cy\/\"},{\"@type\":\"ListItem\",\"position\":2,\"name\":\"Shop\",\"item\":\"https:\/\/pomico.cy\/shop\/\"},{\"@type\":\"ListItem\",\"position\":3,\"name\":\"S\u00e9rum Longue Vie D\u00e9collet\u00e9\"}]},{\"@type\":\"WebSite\",\"@id\":\"https:\/\/pomico.cy\/#website\",\"url\":\"https:\/\/pomico.cy\/\",\"name\":\"Pomico\",\"description\":\"Pomico\",\"publisher\":{\"@id\":\"https:\/\/pomico.cy\/#organization\"},\"potentialAction\":[{\"@type\":\"SearchAction\",\"target\":{\"@type\":\"EntryPoint\",\"urlTemplate\":\"https:\/\/pomico.cy\/?s={search_term_string}\"},\"query-input\":{\"@type\":\"PropertyValueSpecification\",\"valueRequired\":true,\"valueName\":\"search_term_string\"}}],\"inLanguage\":\"el\"},{\"@type\":\"Organization\",\"@id\":\"https:\/\/pomico.cy\/#organization\",\"name\":\"Pomico\",\"url\":\"https:\/\/pomico.cy\/\",\"logo\":{\"@type\":\"ImageObject\",\"inLanguage\":\"el\",\"@id\":\"https:\/\/pomico.cy\/#\/schema\/logo\/image\/\",\"url\":\"https:\/\/pomico.cy\/wp-content\/uploads\/2021\/03\/pomico-logo.png\",\"contentUrl\":\"https:\/\/pomico.cy\/wp-content\/uploads\/2021\/03\/pomico-logo.png\",\"width\":311,\"height\":97,\"caption\":\"Pomico\"},\"image\":{\"@id\":\"https:\/\/pomico.cy\/#\/schema\/logo\/image\/\"}}]}<\/script>\n<!-- \/ Yoast SEO Premium plugin. -->","yoast_head_json":{"title":"S\u00e9rum Longue Vie D\u00e9collet\u00e9 - Pomico","robots":{"index":"index","follow":"follow","max-snippet":"max-snippet:-1","max-image-preview":"max-image-preview:large","max-video-preview":"max-video-preview:-1"},"canonical":"https:\/\/pomico.cy\/el\/shop\/serum-longue-vie-decollete\/","og_locale":"el_GR","og_type":"article","og_title":"S\u00e9rum Longue Vie D\u00e9collet\u00e9","og_description":"50ml","og_url":"https:\/\/pomico.cy\/el\/shop\/serum-longue-vie-decollete\/","og_site_name":"Pomico","article_modified_time":"2025-04-23T17:27:14+00:00","og_image":[{"width":600,"height":600,"url":"https:\/\/pomico.cy\/wp-content\/uploads\/Serum-Longue-Vie-Decollete.png","type":"image\/png"}],"twitter_card":"summary_large_image","twitter_misc":{"\u0395\u03ba\u03c4\u03b9\u03bc\u03ce\u03bc\u03b5\u03bd\u03bf\u03c2 \u03c7\u03c1\u03cc\u03bd\u03bf\u03c2 \u03b1\u03bd\u03ac\u03b3\u03bd\u03c9\u03c3\u03b7\u03c2":"1 \u03bb\u03b5\u03c0\u03c4\u03cc"},"schema":{"@context":"https:\/\/schema.org","@graph":[{"@type":"WebPage","@id":"https:\/\/pomico.cy\/shop\/serum-longue-vie-decollete\/","url":"https:\/\/pomico.cy\/shop\/serum-longue-vie-decollete\/","name":"S\u00e9rum Longue Vie D\u00e9collet\u00e9 - Pomico","isPartOf":{"@id":"https:\/\/pomico.cy\/#website"},"primaryImageOfPage":{"@id":"https:\/\/pomico.cy\/shop\/serum-longue-vie-decollete\/#primaryimage"},"image":{"@id":"https:\/\/pomico.cy\/shop\/serum-longue-vie-decollete\/#primaryimage"},"thumbnailUrl":"https:\/\/pomico.cy\/wp-content\/uploads\/Serum-Longue-Vie-Decollete.png","datePublished":"2024-07-11T09:32:38+00:00","dateModified":"2025-04-23T17:27:14+00:00","breadcrumb":{"@id":"https:\/\/pomico.cy\/shop\/serum-longue-vie-decollete\/#breadcrumb"},"inLanguage":"el","potentialAction":[{"@type":"ReadAction","target":["https:\/\/pomico.cy\/shop\/serum-longue-vie-decollete\/"]}]},{"@type":"ImageObject","inLanguage":"el","@id":"https:\/\/pomico.cy\/shop\/serum-longue-vie-decollete\/#primaryimage","url":"https:\/\/pomico.cy\/wp-content\/uploads\/Serum-Longue-Vie-Decollete.png","contentUrl":"https:\/\/pomico.cy\/wp-content\/uploads\/Serum-Longue-Vie-Decollete.png","width":600,"height":600},{"@type":"BreadcrumbList","@id":"https:\/\/pomico.cy\/shop\/serum-longue-vie-decollete\/#breadcrumb","itemListElement":[{"@type":"ListItem","position":1,"name":"Home","item":"https:\/\/pomico.cy\/"},{"@type":"ListItem","position":2,"name":"Shop","item":"https:\/\/pomico.cy\/shop\/"},{"@type":"ListItem","position":3,"name":"S\u00e9rum Longue Vie D\u00e9collet\u00e9"}]},{"@type":"WebSite","@id":"https:\/\/pomico.cy\/#website","url":"https:\/\/pomico.cy\/","name":"Pomico","description":"Pomico","publisher":{"@id":"https:\/\/pomico.cy\/#organization"},"potentialAction":[{"@type":"SearchAction","target":{"@type":"EntryPoint","urlTemplate":"https:\/\/pomico.cy\/?s={search_term_string}"},"query-input":{"@type":"PropertyValueSpecification","valueRequired":true,"valueName":"search_term_string"}}],"inLanguage":"el"},{"@type":"Organization","@id":"https:\/\/pomico.cy\/#organization","name":"Pomico","url":"https:\/\/pomico.cy\/","logo":{"@type":"ImageObject","inLanguage":"el","@id":"https:\/\/pomico.cy\/#\/schema\/logo\/image\/","url":"https:\/\/pomico.cy\/wp-content\/uploads\/2021\/03\/pomico-logo.png","contentUrl":"https:\/\/pomico.cy\/wp-content\/uploads\/2021\/03\/pomico-logo.png","width":311,"height":97,"caption":"Pomico"},"image":{"@id":"https:\/\/pomico.cy\/#\/schema\/logo\/image\/"}}]}},"_links":{"self":[{"href":"https:\/\/pomico.cy\/el\/wp-json\/wp\/v2\/product\/4450","targetHints":{"allow":["GET"]}}],"collection":[{"href":"https:\/\/pomico.cy\/el\/wp-json\/wp\/v2\/product"}],"about":[{"href":"https:\/\/pomico.cy\/el\/wp-json\/wp\/v2\/types\/product"}],"wp:featuredmedia":[{"embeddable":true,"href":"https:\/\/pomico.cy\/el\/wp-json\/wp\/v2\/media\/4451"}],"wp:attachment":[{"href":"https:\/\/pomico.cy\/el\/wp-json\/wp\/v2\/media?parent=4450"}],"wp:term":[{"taxonomy":"product_brand","embeddable":true,"href":"https:\/\/pomico.cy\/el\/wp-json\/wp\/v2\/product_brand?post=4450"},{"taxonomy":"product_cat","embeddable":true,"href":"https:\/\/pomico.cy\/el\/wp-json\/wp\/v2\/product_cat?post=4450"},{"taxonomy":"product_tag","embeddable":true,"href":"https:\/\/pomico.cy\/el\/wp-json\/wp\/v2\/product_tag?post=4450"}],"curies":[{"name":"wp","href":"https:\/\/api.w.org\/{rel}","templated":true}]}}