{"id":4472,"date":"2024-07-11T12:12:25","date_gmt":"2024-07-11T10:12:25","guid":{"rendered":"https:\/\/pomico.cy\/?post_type=product&#038;p=4472"},"modified":"2025-04-23T20:22:16","modified_gmt":"2025-04-23T17:22:16","slug":"deodorant-creme-depil-logic","status":"publish","type":"product","link":"https:\/\/pomico.cy\/el\/shop\/deodorant-creme-depil-logic\/","title":{"rendered":"D\u00e9odorant Cr\u00e8me D\u00e9pil Logic"},"content":{"rendered":"<p>Specially designed for the armpit area, its ultra-concentrated formula in Bulba\u00efne\u00ae slows down the formation of new hairs and slows down regrowth.<br \/>\nThe time between two hair removal treatments is extended, the skin remains clear for longer.<br \/>\nThis cream, enriched with deodorant active ingredients which help regulate perspiration, eliminates unpleasant odors.<br \/>\nHigh tolerance care formulation.<\/p>\n<p>CONTRIBUTE TO :<br \/>\nBulba\u00efne\u00ae attacks the hair during its formation and delays its regrowth.<br \/>\nAlum Stone helps neutralize bacteria responsible for bad odors and regulate perspiration without blocking the skin&#8217;s natural process thanks to its astringent properties.<\/p>","protected":false},"excerpt":{"rendered":"<p>50ml<\/p>","protected":false},"featured_media":4473,"template":"","meta":{"_acf_changed":false},"product_brand":[726],"product_cat":[57],"product_tag":[],"class_list":{"0":"post-4472","1":"product","2":"type-product","3":"status-publish","4":"has-post-thumbnail","6":"product_brand-guinot","7":"product_cat-hair-removal","9":"first","10":"instock","11":"taxable","12":"shipping-taxable","13":"purchasable","14":"product-type-simple"},"acf":[],"yoast_head":"<!-- This site is optimized with the Yoast SEO Premium plugin v23.4 (Yoast SEO v26.4) - https:\/\/yoast.com\/wordpress\/plugins\/seo\/ -->\n<title>D\u00e9odorant Cr\u00e8me D\u00e9pil Logic - Pomico<\/title>\n<meta name=\"robots\" content=\"index, follow, max-snippet:-1, max-image-preview:large, max-video-preview:-1\" \/>\n<link rel=\"canonical\" href=\"https:\/\/pomico.cy\/el\/shop\/deodorant-creme-depil-logic\/\" \/>\n<meta property=\"og:locale\" content=\"el_GR\" \/>\n<meta property=\"og:type\" content=\"article\" \/>\n<meta property=\"og:title\" content=\"D\u00e9odorant Cr\u00e8me D\u00e9pil Logic\" \/>\n<meta property=\"og:description\" content=\"50ml\" \/>\n<meta property=\"og:url\" content=\"https:\/\/pomico.cy\/el\/shop\/deodorant-creme-depil-logic\/\" \/>\n<meta property=\"og:site_name\" content=\"Pomico\" \/>\n<meta property=\"article:modified_time\" content=\"2025-04-23T17:22:16+00:00\" \/>\n<meta property=\"og:image\" content=\"https:\/\/pomico.cy\/wp-content\/uploads\/Deodorant-Creme-Depil-Logic.png\" \/>\n\t<meta property=\"og:image:width\" content=\"600\" \/>\n\t<meta property=\"og:image:height\" content=\"600\" \/>\n\t<meta property=\"og:image:type\" content=\"image\/png\" \/>\n<meta name=\"twitter:card\" content=\"summary_large_image\" \/>\n<meta name=\"twitter:label1\" content=\"\u0395\u03ba\u03c4\u03b9\u03bc\u03ce\u03bc\u03b5\u03bd\u03bf\u03c2 \u03c7\u03c1\u03cc\u03bd\u03bf\u03c2 \u03b1\u03bd\u03ac\u03b3\u03bd\u03c9\u03c3\u03b7\u03c2\" \/>\n\t<meta name=\"twitter:data1\" content=\"1 \u03bb\u03b5\u03c0\u03c4\u03cc\" \/>\n<script type=\"application\/ld+json\" class=\"yoast-schema-graph\">{\"@context\":\"https:\/\/schema.org\",\"@graph\":[{\"@type\":\"WebPage\",\"@id\":\"https:\/\/pomico.cy\/shop\/deodorant-creme-depil-logic\/\",\"url\":\"https:\/\/pomico.cy\/shop\/deodorant-creme-depil-logic\/\",\"name\":\"D\u00e9odorant Cr\u00e8me D\u00e9pil Logic - Pomico\",\"isPartOf\":{\"@id\":\"https:\/\/pomico.cy\/#website\"},\"primaryImageOfPage\":{\"@id\":\"https:\/\/pomico.cy\/shop\/deodorant-creme-depil-logic\/#primaryimage\"},\"image\":{\"@id\":\"https:\/\/pomico.cy\/shop\/deodorant-creme-depil-logic\/#primaryimage\"},\"thumbnailUrl\":\"https:\/\/pomico.cy\/wp-content\/uploads\/Deodorant-Creme-Depil-Logic.png\",\"datePublished\":\"2024-07-11T10:12:25+00:00\",\"dateModified\":\"2025-04-23T17:22:16+00:00\",\"breadcrumb\":{\"@id\":\"https:\/\/pomico.cy\/shop\/deodorant-creme-depil-logic\/#breadcrumb\"},\"inLanguage\":\"el\",\"potentialAction\":[{\"@type\":\"ReadAction\",\"target\":[\"https:\/\/pomico.cy\/shop\/deodorant-creme-depil-logic\/\"]}]},{\"@type\":\"ImageObject\",\"inLanguage\":\"el\",\"@id\":\"https:\/\/pomico.cy\/shop\/deodorant-creme-depil-logic\/#primaryimage\",\"url\":\"https:\/\/pomico.cy\/wp-content\/uploads\/Deodorant-Creme-Depil-Logic.png\",\"contentUrl\":\"https:\/\/pomico.cy\/wp-content\/uploads\/Deodorant-Creme-Depil-Logic.png\",\"width\":600,\"height\":600},{\"@type\":\"BreadcrumbList\",\"@id\":\"https:\/\/pomico.cy\/shop\/deodorant-creme-depil-logic\/#breadcrumb\",\"itemListElement\":[{\"@type\":\"ListItem\",\"position\":1,\"name\":\"Home\",\"item\":\"https:\/\/pomico.cy\/\"},{\"@type\":\"ListItem\",\"position\":2,\"name\":\"Shop\",\"item\":\"https:\/\/pomico.cy\/shop\/\"},{\"@type\":\"ListItem\",\"position\":3,\"name\":\"D\u00e9odorant Cr\u00e8me D\u00e9pil Logic\"}]},{\"@type\":\"WebSite\",\"@id\":\"https:\/\/pomico.cy\/#website\",\"url\":\"https:\/\/pomico.cy\/\",\"name\":\"Pomico\",\"description\":\"Pomico\",\"publisher\":{\"@id\":\"https:\/\/pomico.cy\/#organization\"},\"potentialAction\":[{\"@type\":\"SearchAction\",\"target\":{\"@type\":\"EntryPoint\",\"urlTemplate\":\"https:\/\/pomico.cy\/?s={search_term_string}\"},\"query-input\":{\"@type\":\"PropertyValueSpecification\",\"valueRequired\":true,\"valueName\":\"search_term_string\"}}],\"inLanguage\":\"el\"},{\"@type\":\"Organization\",\"@id\":\"https:\/\/pomico.cy\/#organization\",\"name\":\"Pomico\",\"url\":\"https:\/\/pomico.cy\/\",\"logo\":{\"@type\":\"ImageObject\",\"inLanguage\":\"el\",\"@id\":\"https:\/\/pomico.cy\/#\/schema\/logo\/image\/\",\"url\":\"https:\/\/pomico.cy\/wp-content\/uploads\/2021\/03\/pomico-logo.png\",\"contentUrl\":\"https:\/\/pomico.cy\/wp-content\/uploads\/2021\/03\/pomico-logo.png\",\"width\":311,\"height\":97,\"caption\":\"Pomico\"},\"image\":{\"@id\":\"https:\/\/pomico.cy\/#\/schema\/logo\/image\/\"}}]}<\/script>\n<!-- \/ Yoast SEO Premium plugin. -->","yoast_head_json":{"title":"D\u00e9odorant Cr\u00e8me D\u00e9pil Logic - Pomico","robots":{"index":"index","follow":"follow","max-snippet":"max-snippet:-1","max-image-preview":"max-image-preview:large","max-video-preview":"max-video-preview:-1"},"canonical":"https:\/\/pomico.cy\/el\/shop\/deodorant-creme-depil-logic\/","og_locale":"el_GR","og_type":"article","og_title":"D\u00e9odorant Cr\u00e8me D\u00e9pil Logic","og_description":"50ml","og_url":"https:\/\/pomico.cy\/el\/shop\/deodorant-creme-depil-logic\/","og_site_name":"Pomico","article_modified_time":"2025-04-23T17:22:16+00:00","og_image":[{"width":600,"height":600,"url":"https:\/\/pomico.cy\/wp-content\/uploads\/Deodorant-Creme-Depil-Logic.png","type":"image\/png"}],"twitter_card":"summary_large_image","twitter_misc":{"\u0395\u03ba\u03c4\u03b9\u03bc\u03ce\u03bc\u03b5\u03bd\u03bf\u03c2 \u03c7\u03c1\u03cc\u03bd\u03bf\u03c2 \u03b1\u03bd\u03ac\u03b3\u03bd\u03c9\u03c3\u03b7\u03c2":"1 \u03bb\u03b5\u03c0\u03c4\u03cc"},"schema":{"@context":"https:\/\/schema.org","@graph":[{"@type":"WebPage","@id":"https:\/\/pomico.cy\/shop\/deodorant-creme-depil-logic\/","url":"https:\/\/pomico.cy\/shop\/deodorant-creme-depil-logic\/","name":"D\u00e9odorant Cr\u00e8me D\u00e9pil Logic - Pomico","isPartOf":{"@id":"https:\/\/pomico.cy\/#website"},"primaryImageOfPage":{"@id":"https:\/\/pomico.cy\/shop\/deodorant-creme-depil-logic\/#primaryimage"},"image":{"@id":"https:\/\/pomico.cy\/shop\/deodorant-creme-depil-logic\/#primaryimage"},"thumbnailUrl":"https:\/\/pomico.cy\/wp-content\/uploads\/Deodorant-Creme-Depil-Logic.png","datePublished":"2024-07-11T10:12:25+00:00","dateModified":"2025-04-23T17:22:16+00:00","breadcrumb":{"@id":"https:\/\/pomico.cy\/shop\/deodorant-creme-depil-logic\/#breadcrumb"},"inLanguage":"el","potentialAction":[{"@type":"ReadAction","target":["https:\/\/pomico.cy\/shop\/deodorant-creme-depil-logic\/"]}]},{"@type":"ImageObject","inLanguage":"el","@id":"https:\/\/pomico.cy\/shop\/deodorant-creme-depil-logic\/#primaryimage","url":"https:\/\/pomico.cy\/wp-content\/uploads\/Deodorant-Creme-Depil-Logic.png","contentUrl":"https:\/\/pomico.cy\/wp-content\/uploads\/Deodorant-Creme-Depil-Logic.png","width":600,"height":600},{"@type":"BreadcrumbList","@id":"https:\/\/pomico.cy\/shop\/deodorant-creme-depil-logic\/#breadcrumb","itemListElement":[{"@type":"ListItem","position":1,"name":"Home","item":"https:\/\/pomico.cy\/"},{"@type":"ListItem","position":2,"name":"Shop","item":"https:\/\/pomico.cy\/shop\/"},{"@type":"ListItem","position":3,"name":"D\u00e9odorant Cr\u00e8me D\u00e9pil Logic"}]},{"@type":"WebSite","@id":"https:\/\/pomico.cy\/#website","url":"https:\/\/pomico.cy\/","name":"Pomico","description":"Pomico","publisher":{"@id":"https:\/\/pomico.cy\/#organization"},"potentialAction":[{"@type":"SearchAction","target":{"@type":"EntryPoint","urlTemplate":"https:\/\/pomico.cy\/?s={search_term_string}"},"query-input":{"@type":"PropertyValueSpecification","valueRequired":true,"valueName":"search_term_string"}}],"inLanguage":"el"},{"@type":"Organization","@id":"https:\/\/pomico.cy\/#organization","name":"Pomico","url":"https:\/\/pomico.cy\/","logo":{"@type":"ImageObject","inLanguage":"el","@id":"https:\/\/pomico.cy\/#\/schema\/logo\/image\/","url":"https:\/\/pomico.cy\/wp-content\/uploads\/2021\/03\/pomico-logo.png","contentUrl":"https:\/\/pomico.cy\/wp-content\/uploads\/2021\/03\/pomico-logo.png","width":311,"height":97,"caption":"Pomico"},"image":{"@id":"https:\/\/pomico.cy\/#\/schema\/logo\/image\/"}}]}},"_links":{"self":[{"href":"https:\/\/pomico.cy\/el\/wp-json\/wp\/v2\/product\/4472","targetHints":{"allow":["GET"]}}],"collection":[{"href":"https:\/\/pomico.cy\/el\/wp-json\/wp\/v2\/product"}],"about":[{"href":"https:\/\/pomico.cy\/el\/wp-json\/wp\/v2\/types\/product"}],"wp:featuredmedia":[{"embeddable":true,"href":"https:\/\/pomico.cy\/el\/wp-json\/wp\/v2\/media\/4473"}],"wp:attachment":[{"href":"https:\/\/pomico.cy\/el\/wp-json\/wp\/v2\/media?parent=4472"}],"wp:term":[{"taxonomy":"product_brand","embeddable":true,"href":"https:\/\/pomico.cy\/el\/wp-json\/wp\/v2\/product_brand?post=4472"},{"taxonomy":"product_cat","embeddable":true,"href":"https:\/\/pomico.cy\/el\/wp-json\/wp\/v2\/product_cat?post=4472"},{"taxonomy":"product_tag","embeddable":true,"href":"https:\/\/pomico.cy\/el\/wp-json\/wp\/v2\/product_tag?post=4472"}],"curies":[{"name":"wp","href":"https:\/\/api.w.org\/{rel}","templated":true}]}}